{"id":198,"date":"2025-06-11T11:09:51","date_gmt":"2025-06-11T14:09:51","guid":{"rendered":"https:\/\/staging0.gabtelles.com\/?page_id=198"},"modified":"2026-01-27T18:10:21","modified_gmt":"2026-01-27T21:10:21","slug":"blog","status":"publish","type":"page","link":"https:\/\/staging0.gabtelles.com\/index.php\/blog\/","title":{"rendered":"Blog"},"content":{"rendered":"\t\t<div data-elementor-type=\"wp-page\" data-elementor-id=\"198\" class=\"elementor elementor-198\" data-elementor-post-type=\"page\">\n\t\t\t\t<div class=\"elementor-element elementor-element-bca40d6 e-flex e-con-boxed e-con e-parent\" data-id=\"bca40d6\" data-element_type=\"container\" data-settings=\"{&quot;background_background&quot;:&quot;classic&quot;}\">\n\t\t\t\t\t<div class=\"e-con-inner\">\n\t\t\t\t<div class=\"elementor-element elementor-element-72830a2 elementor-widget__width-inherit elementor-widget elementor-widget-heading\" data-id=\"72830a2\" data-element_type=\"widget\" data-widget_type=\"heading.default\">\n\t\t\t\t<div class=\"elementor-widget-container\">\n\t\t\t\t\t<h2 class=\"elementor-heading-title elementor-size-default\">Blog\n<\/h2>\t\t\t\t<\/div>\n\t\t\t\t<\/div>\n\t\t\t\t\t<\/div>\n\t\t\t\t<\/div>\n\t\t<div class=\"elementor-element elementor-element-84ef7d6 e-flex e-con-boxed e-con e-parent\" data-id=\"84ef7d6\" data-element_type=\"container\">\n\t\t\t\t\t<div class=\"e-con-inner\">\n\t\t\t\t<div class=\"elementor-element elementor-element-0d5b1cf elementor-grid-3 elementor-grid-tablet-2 elementor-grid-mobile-1 elementor-posts--thumbnail-top load-more-align-center elementor-widget elementor-widget-posts\" data-id=\"0d5b1cf\" data-element_type=\"widget\" data-settings=\"{&quot;pagination_type&quot;:&quot;load_more_on_click&quot;,&quot;classic_columns&quot;:&quot;3&quot;,&quot;classic_columns_tablet&quot;:&quot;2&quot;,&quot;classic_columns_mobile&quot;:&quot;1&quot;,&quot;classic_row_gap&quot;:{&quot;unit&quot;:&quot;px&quot;,&quot;size&quot;:35,&quot;sizes&quot;:[]},&quot;classic_row_gap_tablet&quot;:{&quot;unit&quot;:&quot;px&quot;,&quot;size&quot;:&quot;&quot;,&quot;sizes&quot;:[]},&quot;classic_row_gap_mobile&quot;:{&quot;unit&quot;:&quot;px&quot;,&quot;size&quot;:&quot;&quot;,&quot;sizes&quot;:[]},&quot;load_more_spinner&quot;:{&quot;value&quot;:&quot;fas fa-spinner&quot;,&quot;library&quot;:&quot;fa-solid&quot;}}\" data-widget_type=\"posts.classic\">\n\t\t\t\t<div class=\"elementor-widget-container\">\n\t\t\t\t\t\t\t<div class=\"elementor-posts-container elementor-posts elementor-posts--skin-classic elementor-grid\" role=\"list\">\n\t\t\t\t<article class=\"elementor-post elementor-grid-item post-168 post type-post status-publish format-standard has-post-thumbnail hentry category-familiar\" role=\"listitem\">\n\t\t\t\t<a class=\"elementor-post__thumbnail__link\" href=\"https:\/\/staging0.gabtelles.com\/index.php\/2025\/06\/11\/inventario-e-partilha-de-bens-oque-voce-deve-saber\/\" tabindex=\"-1\" >\n\t\t\t<div class=\"elementor-post__thumbnail\"><img fetchpriority=\"high\" decoding=\"async\" width=\"400\" height=\"300\" src=\"https:\/\/staging0.gabtelles.com\/wp-content\/uploads\/2024\/10\/0-1.jpg\" class=\"attachment-full size-full wp-image-17\" alt=\"\" srcset=\"https:\/\/staging0.gabtelles.com\/wp-content\/uploads\/2024\/10\/0-1.jpg 400w, https:\/\/staging0.gabtelles.com\/wp-content\/uploads\/2024\/10\/0-1-300x225.jpg 300w\" sizes=\"(max-width: 400px) 100vw, 400px\" \/><\/div>\n\t\t<\/a>\n\t\t\t\t<div class=\"elementor-post__text\">\n\t\t\t\t<h3 class=\"elementor-post__title\">\n\t\t\t<a href=\"https:\/\/staging0.gabtelles.com\/index.php\/2025\/06\/11\/inventario-e-partilha-de-bens-oque-voce-deve-saber\/\" >\n\t\t\t\tInventario e partilha de bens: Oque voc\u00ea deve saber\t\t\t<\/a>\n\t\t<\/h3>\n\t\t\t\t<div class=\"elementor-post__meta-data\">\n\t\t\t\t\t<span class=\"elementor-post-date\">\n\t\t\t11 de junho de 2025\t\t<\/span>\n\t\t\t\t<\/div>\n\t\t\t\t<div class=\"elementor-post__excerpt\">\n\t\t\t<p>Lorem ipsum dolor sit amet, consectetur adipiscing elit. Nulla non purus sed odio fringilla cursus. Fusce a nibh tellus. Nunc sagittis libero rutrum dictum ultricies. Praesent at enim et nisl<\/p>\n\t\t<\/div>\n\t\t\n\t\t<a class=\"elementor-post__read-more\" href=\"https:\/\/staging0.gabtelles.com\/index.php\/2025\/06\/11\/inventario-e-partilha-de-bens-oque-voce-deve-saber\/\" aria-label=\"Leia mais sobre Inventario e partilha de bens: Oque voc\u00ea deve saber\" tabindex=\"-1\" >\n\t\t\tLeia mais \u00bb\t\t<\/a>\n\n\t\t\t\t<\/div>\n\t\t\t\t<\/article>\n\t\t\t\t<article class=\"elementor-post elementor-grid-item post-166 post type-post status-publish format-standard has-post-thumbnail hentry category-familiar\" role=\"listitem\">\n\t\t\t\t<a class=\"elementor-post__thumbnail__link\" href=\"https:\/\/staging0.gabtelles.com\/index.php\/2025\/06\/11\/como-funciona-o-divorcio-no-brasil-um-guia-passo-a-passo\/\" tabindex=\"-1\" >\n\t\t\t<div class=\"elementor-post__thumbnail\"><img decoding=\"async\" width=\"400\" height=\"300\" src=\"https:\/\/staging0.gabtelles.com\/wp-content\/uploads\/2024\/10\/0-2.jpg\" class=\"attachment-full size-full wp-image-18\" alt=\"\" srcset=\"https:\/\/staging0.gabtelles.com\/wp-content\/uploads\/2024\/10\/0-2.jpg 400w, https:\/\/staging0.gabtelles.com\/wp-content\/uploads\/2024\/10\/0-2-300x225.jpg 300w\" sizes=\"(max-width: 400px) 100vw, 400px\" \/><\/div>\n\t\t<\/a>\n\t\t\t\t<div class=\"elementor-post__text\">\n\t\t\t\t<h3 class=\"elementor-post__title\">\n\t\t\t<a href=\"https:\/\/staging0.gabtelles.com\/index.php\/2025\/06\/11\/como-funciona-o-divorcio-no-brasil-um-guia-passo-a-passo\/\" >\n\t\t\t\tComo funciona o div\u00f3rcio no brasil: Um Guia passo a passo\t\t\t<\/a>\n\t\t<\/h3>\n\t\t\t\t<div class=\"elementor-post__meta-data\">\n\t\t\t\t\t<span class=\"elementor-post-date\">\n\t\t\t11 de junho de 2025\t\t<\/span>\n\t\t\t\t<\/div>\n\t\t\t\t<div class=\"elementor-post__excerpt\">\n\t\t\t<p>Lorem ipsum dolor sit amet, consectetur adipiscing elit. Nulla non purus sed odio fringilla cursus. Fusce a nibh tellus. Nunc sagittis libero rutrum dictum ultricies. Praesent at enim et nisl<\/p>\n\t\t<\/div>\n\t\t\n\t\t<a class=\"elementor-post__read-more\" href=\"https:\/\/staging0.gabtelles.com\/index.php\/2025\/06\/11\/como-funciona-o-divorcio-no-brasil-um-guia-passo-a-passo\/\" aria-label=\"Leia mais sobre Como funciona o div\u00f3rcio no brasil: Um Guia passo a passo\" tabindex=\"-1\" >\n\t\t\tLeia mais \u00bb\t\t<\/a>\n\n\t\t\t\t<\/div>\n\t\t\t\t<\/article>\n\t\t\t\t<article class=\"elementor-post elementor-grid-item post-164 post type-post status-publish format-standard has-post-thumbnail hentry category-consumidor\" role=\"listitem\">\n\t\t\t\t<a class=\"elementor-post__thumbnail__link\" href=\"https:\/\/staging0.gabtelles.com\/index.php\/2025\/06\/11\/inventario-e-partilha-de-bens-o-que-voce-deve-saber\/\" tabindex=\"-1\" >\n\t\t\t<div class=\"elementor-post__thumbnail\"><img decoding=\"async\" width=\"400\" height=\"300\" src=\"https:\/\/staging0.gabtelles.com\/wp-content\/uploads\/2024\/10\/Artboard-1-copy-4.jpg\" class=\"attachment-full size-full wp-image-25\" alt=\"\" srcset=\"https:\/\/staging0.gabtelles.com\/wp-content\/uploads\/2024\/10\/Artboard-1-copy-4.jpg 400w, https:\/\/staging0.gabtelles.com\/wp-content\/uploads\/2024\/10\/Artboard-1-copy-4-300x225.jpg 300w\" sizes=\"(max-width: 400px) 100vw, 400px\" \/><\/div>\n\t\t<\/a>\n\t\t\t\t<div class=\"elementor-post__text\">\n\t\t\t\t<h3 class=\"elementor-post__title\">\n\t\t\t<a href=\"https:\/\/staging0.gabtelles.com\/index.php\/2025\/06\/11\/inventario-e-partilha-de-bens-o-que-voce-deve-saber\/\" >\n\t\t\t\tDireitos do consumidor: O que voc\u00ea precisa saber?\t\t\t<\/a>\n\t\t<\/h3>\n\t\t\t\t<div class=\"elementor-post__meta-data\">\n\t\t\t\t\t<span class=\"elementor-post-date\">\n\t\t\t11 de junho de 2025\t\t<\/span>\n\t\t\t\t<\/div>\n\t\t\t\t<div class=\"elementor-post__excerpt\">\n\t\t\t<p>Lorem ipsum dolor sit amet, consectetur adipiscing elit. Nulla non purus sed odio fringilla cursus. Fusce a nibh tellus. Nunc sagittis libero rutrum dictum ultricies. Praesent at enim et nisl<\/p>\n\t\t<\/div>\n\t\t\n\t\t<a class=\"elementor-post__read-more\" href=\"https:\/\/staging0.gabtelles.com\/index.php\/2025\/06\/11\/inventario-e-partilha-de-bens-o-que-voce-deve-saber\/\" aria-label=\"Leia mais sobre Direitos do consumidor: O que voc\u00ea precisa saber?\" tabindex=\"-1\" >\n\t\t\tLeia mais \u00bb\t\t<\/a>\n\n\t\t\t\t<\/div>\n\t\t\t\t<\/article>\n\t\t\t\t<article class=\"elementor-post elementor-grid-item post-160 post type-post status-publish format-standard has-post-thumbnail hentry category-geral\" role=\"listitem\">\n\t\t\t\t<a class=\"elementor-post__thumbnail__link\" href=\"https:\/\/staging0.gabtelles.com\/index.php\/2025\/06\/11\/entenda-o-que-e-compliance-e-sua-importancia-para-empresas\/\" tabindex=\"-1\" >\n\t\t\t<div class=\"elementor-post__thumbnail\"><img decoding=\"async\" width=\"400\" height=\"300\" src=\"https:\/\/staging0.gabtelles.com\/wp-content\/uploads\/2024\/10\/Artboard-1-copy-4.jpg\" class=\"attachment-full size-full wp-image-25\" alt=\"\" srcset=\"https:\/\/staging0.gabtelles.com\/wp-content\/uploads\/2024\/10\/Artboard-1-copy-4.jpg 400w, https:\/\/staging0.gabtelles.com\/wp-content\/uploads\/2024\/10\/Artboard-1-copy-4-300x225.jpg 300w\" sizes=\"(max-width: 400px) 100vw, 400px\" \/><\/div>\n\t\t<\/a>\n\t\t\t\t<div class=\"elementor-post__text\">\n\t\t\t\t<h3 class=\"elementor-post__title\">\n\t\t\t<a href=\"https:\/\/staging0.gabtelles.com\/index.php\/2025\/06\/11\/entenda-o-que-e-compliance-e-sua-importancia-para-empresas\/\" >\n\t\t\t\tEntenda o que \u00e9 compliance e sua importancia para empresas\t\t\t<\/a>\n\t\t<\/h3>\n\t\t\t\t<div class=\"elementor-post__meta-data\">\n\t\t\t\t\t<span class=\"elementor-post-date\">\n\t\t\t11 de junho de 2025\t\t<\/span>\n\t\t\t\t<\/div>\n\t\t\t\t<div class=\"elementor-post__excerpt\">\n\t\t\t<p>Lorem ipsum dolor sit amet, consectetur adipiscing elit. Nulla non purus sed odio fringilla cursus. Fusce a nibh tellus. Nunc sagittis libero rutrum dictum ultricies. Praesent at enim et nisl<\/p>\n\t\t<\/div>\n\t\t\n\t\t<a class=\"elementor-post__read-more\" href=\"https:\/\/staging0.gabtelles.com\/index.php\/2025\/06\/11\/entenda-o-que-e-compliance-e-sua-importancia-para-empresas\/\" aria-label=\"Leia mais sobre Entenda o que \u00e9 compliance e sua importancia para empresas\" tabindex=\"-1\" >\n\t\t\tLeia mais \u00bb\t\t<\/a>\n\n\t\t\t\t<\/div>\n\t\t\t\t<\/article>\n\t\t\t\t<article class=\"elementor-post elementor-grid-item post-1 post type-post status-publish format-standard has-post-thumbnail hentry category-geral\" role=\"listitem\">\n\t\t\t\t<a class=\"elementor-post__thumbnail__link\" href=\"https:\/\/staging0.gabtelles.com\/index.php\/2024\/06\/24\/ola-mundo\/\" tabindex=\"-1\" >\n\t\t\t<div class=\"elementor-post__thumbnail\"><img fetchpriority=\"high\" decoding=\"async\" width=\"400\" height=\"300\" src=\"https:\/\/staging0.gabtelles.com\/wp-content\/uploads\/2024\/10\/0-1.jpg\" class=\"attachment-full size-full wp-image-17\" alt=\"\" srcset=\"https:\/\/staging0.gabtelles.com\/wp-content\/uploads\/2024\/10\/0-1.jpg 400w, https:\/\/staging0.gabtelles.com\/wp-content\/uploads\/2024\/10\/0-1-300x225.jpg 300w\" sizes=\"(max-width: 400px) 100vw, 400px\" \/><\/div>\n\t\t<\/a>\n\t\t\t\t<div class=\"elementor-post__text\">\n\t\t\t\t<h3 class=\"elementor-post__title\">\n\t\t\t<a href=\"https:\/\/staging0.gabtelles.com\/index.php\/2024\/06\/24\/ola-mundo\/\" >\n\t\t\t\tOs 5 erros mais comuns em contratos e como evit\u00e1-los\t\t\t<\/a>\n\t\t<\/h3>\n\t\t\t\t<div class=\"elementor-post__meta-data\">\n\t\t\t\t\t<span class=\"elementor-post-date\">\n\t\t\t24 de junho de 2024\t\t<\/span>\n\t\t\t\t<\/div>\n\t\t\t\t<div class=\"elementor-post__excerpt\">\n\t\t\t<p>Lorem ipsum dolor sit amet, consectetur adipiscing elit. Nulla non purus sed odio fringilla cursus. Fusce a nibh tellus. Nunc sagittis libero rutrum dictum ultricies. Praesent at enim et nisl<\/p>\n\t\t<\/div>\n\t\t\n\t\t<a class=\"elementor-post__read-more\" href=\"https:\/\/staging0.gabtelles.com\/index.php\/2024\/06\/24\/ola-mundo\/\" aria-label=\"Leia mais sobre Os 5 erros mais comuns em contratos e como evit\u00e1-los\" tabindex=\"-1\" >\n\t\t\tLeia mais \u00bb\t\t<\/a>\n\n\t\t\t\t<\/div>\n\t\t\t\t<\/article>\n\t\t\t\t<article class=\"elementor-post elementor-grid-item post-280 post type-post status-publish format-standard has-post-thumbnail hentry category-imobiliaria\" role=\"listitem\">\n\t\t\t\t<a class=\"elementor-post__thumbnail__link\" href=\"https:\/\/staging0.gabtelles.com\/index.php\/2023\/09\/08\/postagem-de-exemplo\/\" tabindex=\"-1\" >\n\t\t\t<div class=\"elementor-post__thumbnail\"><img decoding=\"async\" width=\"400\" height=\"300\" src=\"https:\/\/staging0.gabtelles.com\/wp-content\/uploads\/2024\/10\/Artboard-1-copy-4.jpg\" class=\"attachment-full size-full wp-image-25\" alt=\"\" srcset=\"https:\/\/staging0.gabtelles.com\/wp-content\/uploads\/2024\/10\/Artboard-1-copy-4.jpg 400w, https:\/\/staging0.gabtelles.com\/wp-content\/uploads\/2024\/10\/Artboard-1-copy-4-300x225.jpg 300w\" sizes=\"(max-width: 400px) 100vw, 400px\" \/><\/div>\n\t\t<\/a>\n\t\t\t\t<div class=\"elementor-post__text\">\n\t\t\t\t<h3 class=\"elementor-post__title\">\n\t\t\t<a href=\"https:\/\/staging0.gabtelles.com\/index.php\/2023\/09\/08\/postagem-de-exemplo\/\" >\n\t\t\t\tPostagem de exemplo\t\t\t<\/a>\n\t\t<\/h3>\n\t\t\t\t<div class=\"elementor-post__meta-data\">\n\t\t\t\t\t<span class=\"elementor-post-date\">\n\t\t\t8 de setembro de 2023\t\t<\/span>\n\t\t\t\t<\/div>\n\t\t\t\t<div class=\"elementor-post__excerpt\">\n\t\t\t<p>Lorem ipsum dolor sit amet, consectetur adipiscing elit. Nulla non purus sed odio fringilla cursus. Fusce a nibh tellus. Nunc sagittis libero rutrum dictum ultricies. Praesent at enim et nisl<\/p>\n\t\t<\/div>\n\t\t\n\t\t<a class=\"elementor-post__read-more\" href=\"https:\/\/staging0.gabtelles.com\/index.php\/2023\/09\/08\/postagem-de-exemplo\/\" aria-label=\"Leia mais sobre Postagem de exemplo\" tabindex=\"-1\" >\n\t\t\tLeia mais \u00bb\t\t<\/a>\n\n\t\t\t\t<\/div>\n\t\t\t\t<\/article>\n\t\t\t\t<\/div>\n\t\t\t\t\t<span class=\"e-load-more-spinner\">\n\t\t\t\t<svg aria-hidden=\"true\" class=\"e-font-icon-svg e-fas-spinner\" viewBox=\"0 0 512 512\" xmlns=\"http:\/\/www.w3.org\/2000\/svg\"><path d=\"M304 48c0 26.51-21.49 48-48 48s-48-21.49-48-48 21.49-48 48-48 48 21.49 48 48zm-48 368c-26.51 0-48 21.49-48 48s21.49 48 48 48 48-21.49 48-48-21.49-48-48-48zm208-208c-26.51 0-48 21.49-48 48s21.49 48 48 48 48-21.49 48-48-21.49-48-48-48zM96 256c0-26.51-21.49-48-48-48S0 229.49 0 256s21.49 48 48 48 48-21.49 48-48zm12.922 99.078c-26.51 0-48 21.49-48 48s21.49 48 48 48 48-21.49 48-48c0-26.509-21.491-48-48-48zm294.156 0c-26.51 0-48 21.49-48 48s21.49 48 48 48 48-21.49 48-48c0-26.509-21.49-48-48-48zM108.922 60.922c-26.51 0-48 21.49-48 48s21.49 48 48 48 48-21.49 48-48-21.491-48-48-48z\"><\/path><\/svg>\t\t\t<\/span>\n\t\t\n\t\t\t\t<div class=\"e-load-more-anchor\" data-page=\"1\" data-max-page=\"2\" data-next-page=\"https:\/\/staging0.gabtelles.com\/index.php\/wp-json\/wp\/v2\/pages\/198\/page\/2\/\"><\/div>\n\t\t\t\t<div class=\"elementor-button-wrapper\">\n\t\t\t<a class=\"elementor-button elementor-size-sm\" role=\"button\">\n\t\t\t\t\t\t<span class=\"elementor-button-content-wrapper\">\n\t\t\t\t\t\t\t<span class=\"elementor-button-icon\">\n\t\t\t\t<svg aria-hidden=\"true\" class=\"e-font-icon-svg e-far-arrow-alt-circle-down\" viewBox=\"0 0 512 512\" xmlns=\"http:\/\/www.w3.org\/2000\/svg\"><path d=\"M256 8C119 8 8 119 8 256s111 248 248 248 248-111 248-248S393 8 256 8zm0 448c-110.5 0-200-89.5-200-200S145.5 56 256 56s200 89.5 200 200-89.5 200-200 200zm-32-316v116h-67c-10.7 0-16 12.9-8.5 20.5l99 99c4.7 4.7 12.3 4.7 17 0l99-99c7.6-7.6 2.2-20.5-8.5-20.5h-67V140c0-6.6-5.4-12-12-12h-40c-6.6 0-12 5.4-12 12z\"><\/path><\/svg>\t\t\t<\/span>\n\t\t\t\t\t\t\t\t\t<span class=\"elementor-button-text\">Carregar mais<\/span>\n\t\t\t\t\t<\/span>\n\t\t\t\t\t<\/a>\n\t\t<\/div>\n\t\t\t\t<div class=\"e-load-more-message\"><\/div>\n\t\t\t\t\t\t<\/div>\n\t\t\t\t<\/div>\n\t\t\t\t\t<\/div>\n\t\t\t\t<\/div>\n\t\t\t\t<\/div>\n\t\t","protected":false},"excerpt":{"rendered":"<p>Blog<\/p>\n","protected":false},"author":1,"featured_media":0,"parent":0,"menu_order":0,"comment_status":"closed","ping_status":"closed","template":"","meta":{"footnotes":""},"class_list":["post-198","page","type-page","status-publish","hentry"],"yoast_head":"<!-- This site is optimized with the Yoast SEO plugin v26.8 - https:\/\/yoast.com\/product\/yoast-seo-wordpress\/ -->\n<title>Blog - Staging0<\/title>\n<meta name=\"description\" content=\"ACONSELHAMENTO JUR\u00cdDICO Se voc\u00ea tem algum problema legal em sua vida\u2026N\u00f3s estamos dispon\u00edveis Fale Conosco Quem somos Estamos aqui para lutar contra qualquer viola\u00e7\u00e3o judicial Lorem ipsum dolor sit amet, consectetur adipiscing elit. Ut elit tellus, luctus nec ullamcorper mattis, pulvinar dapi...\" \/>\n<meta name=\"robots\" content=\"noindex, follow\" \/>\n<meta property=\"og:locale\" content=\"pt_BR\" \/>\n<meta property=\"og:type\" content=\"article\" \/>\n<meta property=\"og:title\" content=\"Blog - Staging0\" \/>\n<meta property=\"og:description\" content=\"ACONSELHAMENTO JUR\u00cdDICO Se voc\u00ea tem algum problema legal em sua vida\u2026N\u00f3s estamos dispon\u00edveis Fale Conosco Quem somos Estamos aqui para lutar contra qualquer viola\u00e7\u00e3o judicial Lorem ipsum dolor sit amet, consectetur adipiscing elit. Ut elit tellus, luctus nec ullamcorper mattis, pulvinar dapi...\" \/>\n<meta property=\"og:url\" content=\"https:\/\/staging0.gabtelles.com\/index.php\/blog\/\" \/>\n<meta property=\"og:site_name\" content=\"Staging0\" \/>\n<meta property=\"article:modified_time\" content=\"2026-01-27T21:10:21+00:00\" \/>\n<meta property=\"og:image\" content=\"https:\/\/staging0.gabtelles.com\/wp-content\/uploads\/2024\/10\/cropped-favicon.png\" \/>\n\t<meta property=\"og:image:width\" content=\"202\" \/>\n\t<meta property=\"og:image:height\" content=\"199\" \/>\n\t<meta property=\"og:image:type\" content=\"image\/png\" \/>\n<meta name=\"twitter:card\" content=\"summary_large_image\" \/>\n<meta name=\"twitter:label1\" content=\"Est. tempo de leitura\" \/>\n\t<meta name=\"twitter:data1\" content=\"1 minuto\" \/>\n<script type=\"application\/ld+json\" class=\"yoast-schema-graph\">{\"@context\":\"https:\/\/schema.org\",\"@graph\":[{\"@type\":\"WebPage\",\"@id\":\"https:\/\/staging0.gabtelles.com\/index.php\/blog\/\",\"url\":\"https:\/\/staging0.gabtelles.com\/index.php\/blog\/\",\"name\":\"Blog - Staging0\",\"isPartOf\":{\"@id\":\"https:\/\/staging0.gabtelles.com\/#website\"},\"datePublished\":\"2025-06-11T14:09:51+00:00\",\"dateModified\":\"2026-01-27T21:10:21+00:00\",\"description\":\"ACONSELHAMENTO JUR\u00cdDICO Se voc\u00ea tem algum problema legal em sua vida\u2026N\u00f3s estamos dispon\u00edveis Fale Conosco Quem somos Estamos aqui para lutar contra qualquer viola\u00e7\u00e3o judicial Lorem ipsum dolor sit amet, consectetur adipiscing elit. Ut elit tellus, luctus nec ullamcorper mattis, pulvinar dapi...\",\"breadcrumb\":{\"@id\":\"https:\/\/staging0.gabtelles.com\/index.php\/blog\/#breadcrumb\"},\"inLanguage\":\"pt-BR\",\"potentialAction\":[{\"@type\":\"ReadAction\",\"target\":[\"https:\/\/staging0.gabtelles.com\/index.php\/blog\/\"]}]},{\"@type\":\"BreadcrumbList\",\"@id\":\"https:\/\/staging0.gabtelles.com\/index.php\/blog\/#breadcrumb\",\"itemListElement\":[{\"@type\":\"ListItem\",\"position\":1,\"name\":\"In\u00edcio\",\"item\":\"https:\/\/staging0.gabtelles.com\/\"},{\"@type\":\"ListItem\",\"position\":2,\"name\":\"Blog\"}]},{\"@type\":\"WebSite\",\"@id\":\"https:\/\/staging0.gabtelles.com\/#website\",\"url\":\"https:\/\/staging0.gabtelles.com\/\",\"name\":\"Advocate\",\"description\":\"\",\"publisher\":{\"@id\":\"https:\/\/staging0.gabtelles.com\/#organization\"},\"alternateName\":\"Advocate\",\"potentialAction\":[{\"@type\":\"SearchAction\",\"target\":{\"@type\":\"EntryPoint\",\"urlTemplate\":\"https:\/\/staging0.gabtelles.com\/?s={search_term_string}\"},\"query-input\":{\"@type\":\"PropertyValueSpecification\",\"valueRequired\":true,\"valueName\":\"search_term_string\"}}],\"inLanguage\":\"pt-BR\"},{\"@type\":\"Organization\",\"@id\":\"https:\/\/staging0.gabtelles.com\/#organization\",\"name\":\"Advocate\",\"url\":\"https:\/\/staging0.gabtelles.com\/\",\"logo\":{\"@type\":\"ImageObject\",\"inLanguage\":\"pt-BR\",\"@id\":\"https:\/\/staging0.gabtelles.com\/#\/schema\/logo\/image\/\",\"url\":\"https:\/\/staging0.gabtelles.com\/wp-content\/uploads\/2024\/10\/click.png\",\"contentUrl\":\"https:\/\/staging0.gabtelles.com\/wp-content\/uploads\/2024\/10\/click.png\",\"width\":600,\"height\":177,\"caption\":\"Advocate\"},\"image\":{\"@id\":\"https:\/\/staging0.gabtelles.com\/#\/schema\/logo\/image\/\"}}]}<\/script>\n<!-- \/ Yoast SEO plugin. -->","yoast_head_json":{"title":"Blog - Staging0","description":"ACONSELHAMENTO JUR\u00cdDICO Se voc\u00ea tem algum problema legal em sua vida\u2026N\u00f3s estamos dispon\u00edveis Fale Conosco Quem somos Estamos aqui para lutar contra qualquer viola\u00e7\u00e3o judicial Lorem ipsum dolor sit amet, consectetur adipiscing elit. Ut elit tellus, luctus nec ullamcorper mattis, pulvinar dapi...","robots":{"index":"noindex","follow":"follow"},"og_locale":"pt_BR","og_type":"article","og_title":"Blog - Staging0","og_description":"ACONSELHAMENTO JUR\u00cdDICO Se voc\u00ea tem algum problema legal em sua vida\u2026N\u00f3s estamos dispon\u00edveis Fale Conosco Quem somos Estamos aqui para lutar contra qualquer viola\u00e7\u00e3o judicial Lorem ipsum dolor sit amet, consectetur adipiscing elit. Ut elit tellus, luctus nec ullamcorper mattis, pulvinar dapi...","og_url":"https:\/\/staging0.gabtelles.com\/index.php\/blog\/","og_site_name":"Staging0","article_modified_time":"2026-01-27T21:10:21+00:00","og_image":[{"width":202,"height":199,"url":"https:\/\/staging0.gabtelles.com\/wp-content\/uploads\/2024\/10\/cropped-favicon.png","type":"image\/png"}],"twitter_card":"summary_large_image","twitter_misc":{"Est. tempo de leitura":"1 minuto"},"schema":{"@context":"https:\/\/schema.org","@graph":[{"@type":"WebPage","@id":"https:\/\/staging0.gabtelles.com\/index.php\/blog\/","url":"https:\/\/staging0.gabtelles.com\/index.php\/blog\/","name":"Blog - Staging0","isPartOf":{"@id":"https:\/\/staging0.gabtelles.com\/#website"},"datePublished":"2025-06-11T14:09:51+00:00","dateModified":"2026-01-27T21:10:21+00:00","description":"ACONSELHAMENTO JUR\u00cdDICO Se voc\u00ea tem algum problema legal em sua vida\u2026N\u00f3s estamos dispon\u00edveis Fale Conosco Quem somos Estamos aqui para lutar contra qualquer viola\u00e7\u00e3o judicial Lorem ipsum dolor sit amet, consectetur adipiscing elit. Ut elit tellus, luctus nec ullamcorper mattis, pulvinar dapi...","breadcrumb":{"@id":"https:\/\/staging0.gabtelles.com\/index.php\/blog\/#breadcrumb"},"inLanguage":"pt-BR","potentialAction":[{"@type":"ReadAction","target":["https:\/\/staging0.gabtelles.com\/index.php\/blog\/"]}]},{"@type":"BreadcrumbList","@id":"https:\/\/staging0.gabtelles.com\/index.php\/blog\/#breadcrumb","itemListElement":[{"@type":"ListItem","position":1,"name":"In\u00edcio","item":"https:\/\/staging0.gabtelles.com\/"},{"@type":"ListItem","position":2,"name":"Blog"}]},{"@type":"WebSite","@id":"https:\/\/staging0.gabtelles.com\/#website","url":"https:\/\/staging0.gabtelles.com\/","name":"Advocate","description":"","publisher":{"@id":"https:\/\/staging0.gabtelles.com\/#organization"},"alternateName":"Advocate","potentialAction":[{"@type":"SearchAction","target":{"@type":"EntryPoint","urlTemplate":"https:\/\/staging0.gabtelles.com\/?s={search_term_string}"},"query-input":{"@type":"PropertyValueSpecification","valueRequired":true,"valueName":"search_term_string"}}],"inLanguage":"pt-BR"},{"@type":"Organization","@id":"https:\/\/staging0.gabtelles.com\/#organization","name":"Advocate","url":"https:\/\/staging0.gabtelles.com\/","logo":{"@type":"ImageObject","inLanguage":"pt-BR","@id":"https:\/\/staging0.gabtelles.com\/#\/schema\/logo\/image\/","url":"https:\/\/staging0.gabtelles.com\/wp-content\/uploads\/2024\/10\/click.png","contentUrl":"https:\/\/staging0.gabtelles.com\/wp-content\/uploads\/2024\/10\/click.png","width":600,"height":177,"caption":"Advocate"},"image":{"@id":"https:\/\/staging0.gabtelles.com\/#\/schema\/logo\/image\/"}}]}},"_links":{"self":[{"href":"https:\/\/staging0.gabtelles.com\/index.php\/wp-json\/wp\/v2\/pages\/198","targetHints":{"allow":["GET"]}}],"collection":[{"href":"https:\/\/staging0.gabtelles.com\/index.php\/wp-json\/wp\/v2\/pages"}],"about":[{"href":"https:\/\/staging0.gabtelles.com\/index.php\/wp-json\/wp\/v2\/types\/page"}],"author":[{"embeddable":true,"href":"https:\/\/staging0.gabtelles.com\/index.php\/wp-json\/wp\/v2\/users\/1"}],"replies":[{"embeddable":true,"href":"https:\/\/staging0.gabtelles.com\/index.php\/wp-json\/wp\/v2\/comments?post=198"}],"version-history":[{"count":25,"href":"https:\/\/staging0.gabtelles.com\/index.php\/wp-json\/wp\/v2\/pages\/198\/revisions"}],"predecessor-version":[{"id":456,"href":"https:\/\/staging0.gabtelles.com\/index.php\/wp-json\/wp\/v2\/pages\/198\/revisions\/456"}],"wp:attachment":[{"href":"https:\/\/staging0.gabtelles.com\/index.php\/wp-json\/wp\/v2\/media?parent=198"}],"curies":[{"name":"wp","href":"https:\/\/api.w.org\/{rel}","templated":true}]}}